{"id":417,"date":"2025-05-08T07:45:54","date_gmt":"2025-05-08T07:45:54","guid":{"rendered":"https:\/\/rssprint.com\/about\/"},"modified":"2026-04-06T19:00:45","modified_gmt":"2026-04-06T19:00:45","slug":"about","status":"publish","type":"page","link":"https:\/\/rssprint.com\/fr\/about\/","title":{"rendered":"\u00c0 propos"},"content":{"rendered":"<div data-elementor-type=\"wp-page\" data-elementor-id=\"417\" class=\"elementor elementor-417\">\n\t\t\t\t<div class=\"aux-parallax-section elementor-element elementor-element-336ac01 e-con-full e-flex e-con e-parent\" data-id=\"336ac01\" data-element_type=\"container\">\n\t\t<div class=\"elementor-element elementor-element-34c523c e-flex e-con-boxed e-con e-child\" data-id=\"34c523c\" data-element_type=\"container\" data-settings=\"{&quot;background_background&quot;:&quot;classic&quot;}\">\n\t\t\t\t\t<div class=\"e-con-inner\">\n\t\t\t\t<div class=\"elementor-element elementor-element-e3c603c elementor-widget__width-initial elementor-widget-tablet__width-initial elementor-widget-mobile__width-inherit aux-appear-watch-animation aux-fade-in-left-1 elementor-widget elementor-widget-image-box\" data-id=\"e3c603c\" data-element_type=\"widget\" data-widget_type=\"image-box.default\">\n\t\t\t\t<div class=\"elementor-widget-container\">\n\t\t\t\t\t<div class=\"elementor-image-box-wrapper\"><div class=\"elementor-image-box-content\"><p class=\"elementor-image-box-description\">Ne d\u00e9pendez plus des d\u00e9lais et des ruptures d\u2019approvisionnement.<\/p><\/div><\/div>\t\t\t\t<\/div>\n\t\t\t\t<\/div>\n\t\t<div class=\"elementor-element elementor-element-bff3c95 e-con-full e-grid e-con e-child\" data-id=\"bff3c95\" data-element_type=\"container\">\n\t\t\t\t<div class=\"elementor-element elementor-element-9495e72 aux-appear-watch-animation aux-fade-in-left elementor-widget elementor-widget-aux_modern_button\" data-id=\"9495e72\" data-element_type=\"widget\" data-widget_type=\"aux_modern_button.default\">\n\t\t\t\t<div class=\"elementor-widget-container\">\n\t\t\t\t\t    <div class=\"aux-modern-button-wrapper aux-modern-button-align-left\" >\n                    <a class=\"aux-modern-button aux-black aux-modern-button-md aux-modern-button-normal aux-modern-button-default aux-icon-\" href=\"#contact-form\">\n                <div class=\"aux-overlay\"><\/div>\n                                    <div class=\"aux-icon\">\n                                            <\/div>\n                                <div class=\"aux-text\">\n<span class=\"aux-text-before\">Nous contacter<\/span>                <\/div>\n            <\/a>\n            \n    <\/div>\n\n    \t\t\t\t<\/div>\n\t\t\t\t<\/div>\n\t\t\t\t<div class=\"aux-scroll-anim elementor-element elementor-element-03192f6 aux-appear-watch-animation aux-rotate-in-down-right-1 elementor-widget elementor-widget-aux_simple_svg\" data-move-in=\"\" data-move-out=\"rotateIn\" data-axis-x=\"200\" data-axis-y=\"200\" data-rotate=\"-20\" data-scale=\"1\" data-vp-top=\"0.5\" data-vp-bot=\"0.5\" data-el-top=\"0.2\" data-scroll-animation-off=\"1024\" data-id=\"03192f6\" data-element_type=\"widget\" data-widget_type=\"aux_simple_svg.default\">\n\t\t\t\t<div class=\"elementor-widget-container\">\n\t\t\t\t\t    <div class=\"aux-widget-container aux-simple-svg-container\">\n        <div class=\"aux-widget-container-inner\">\n            <div class=\"aux-the-svg\"><img decoding=\"async\" src=\"https:\/\/rssprint.com\/wp-content\/uploads\/2025\/12\/mim.png\" title=\"mim\" alt=\"mim\" loading=\"lazy\" \/><\/div>\n        <\/div>\n    <\/div>\n    \t\t\t\t<\/div>\n\t\t\t\t<\/div>\n\t\t\t\t<\/div>\n\t\t\t\t\t<\/div>\n\t\t\t\t<\/div>\n\t\t\t\t<\/div>\n\t\t<div class=\"aux-parallax-section elementor-element elementor-element-4339a7c4 e-flex e-con-boxed e-con e-parent\" data-id=\"4339a7c4\" data-element_type=\"container\" data-settings=\"{&quot;background_background&quot;:&quot;classic&quot;}\">\n\t\t\t\t\t<div class=\"e-con-inner\">\n\t\t<div class=\"elementor-element elementor-element-65f535a1 e-con-full e-flex e-con e-child\" data-id=\"65f535a1\" data-element_type=\"container\">\n\t\t\t\t<div class=\"elementor-element elementor-element-b809f7 elementor-widget-tablet__width-initial elementor-widget-mobile__width-inherit aux-appear-watch-animation aux-fade-in-left-1 elementor-widget__width-initial elementor-widget elementor-widget-image-box\" data-id=\"b809f7\" data-element_type=\"widget\" data-widget_type=\"image-box.default\">\n\t\t\t\t<div class=\"elementor-widget-container\">\n\t\t\t\t\t<div class=\"elementor-image-box-wrapper\"><div class=\"elementor-image-box-content\"><p class=\"elementor-image-box-description\">Qui sommes-nous ?<\/p><\/div><\/div>\t\t\t\t<\/div>\n\t\t\t\t<\/div>\n\t\t\t\t<div class=\"elementor-element elementor-element-6d49e731 elementor-widget-tablet__width-inherit aux-appear-watch-animation aux-fade-in-up elementor-widget elementor-widget-text-editor\" data-id=\"6d49e731\" data-element_type=\"widget\" data-widget_type=\"text-editor.default\">\n\t\t\t\t<div class=\"elementor-widget-container\">\n\t\t\t\t\t\t\t\t\t<p>RSS PRINT s\u2019inscrit dans une transformation de la production industrielle face aux ruptures d\u2019approvisionnement.<\/p><p>Nous d\u00e9veloppons des unit\u00e9s de production s\u00e9curis\u00e9es, pilot\u00e9es par logiciel, qui permettent de produire localement, \u00e0 la demande et en toute ind\u00e9pendance \u2014 en redonnant aux territoires le contr\u00f4le de leur production.<\/p><p>N\u00e9e au Maroc, RSS PRINT porte un nouveau standard : une production souveraine, r\u00e9siliente et d\u00e9carbon\u00e9e.<\/p>\t\t\t\t\t\t\t\t<\/div>\n\t\t\t\t<\/div>\n\t\t\t\t<\/div>\n\t\t<div class=\"elementor-element elementor-element-23b19f96 e-con-full e-flex e-con e-child\" data-id=\"23b19f96\" data-element_type=\"container\">\n\t\t\t\t<div class=\"aux-scroll-anim elementor-element elementor-element-245007bc aux-appear-watch-animation aux-fade-in-right-1 elementor-widget elementor-widget-image\" data-move-in=\"\" data-move-out=\"moveHorizontal\" data-axis-x=\"13\" data-axis-y=\"200\" data-rotate=\"90\" data-scale=\"1\" data-vp-top=\"0.5\" data-vp-bot=\"0.5\" data-el-top=\"0.2\" data-scroll-animation-off=\"1024\" data-id=\"245007bc\" data-element_type=\"widget\" data-widget_type=\"image.default\">\n\t\t\t\t<div class=\"elementor-widget-container\">\n\t\t\t\t\t\t\t\t\t\t\t\t\t\t\t<img fetchpriority=\"high\" decoding=\"async\" width=\"1920\" height=\"1080\" src=\"https:\/\/rssprint.com\/wp-content\/uploads\/2026\/01\/brown-map.png\" class=\"attachment-full size-full wp-image-1734\" alt=\"\" srcset=\"https:\/\/rssprint.com\/wp-content\/uploads\/2026\/01\/brown-map.png 1920w, https:\/\/rssprint.com\/wp-content\/uploads\/2026\/01\/brown-map-1536x864.png 1536w, https:\/\/rssprint.com\/wp-content\/uploads\/2026\/01\/brown-map-200x113.png 200w\" sizes=\"(max-width: 1920px) 100vw, 1920px\" \/>\t\t\t\t\t\t\t\t\t\t\t\t\t\t\t<\/div>\n\t\t\t\t<\/div>\n\t\t\t\t<div class=\"aux-scroll-anim elementor-element elementor-element-14b79aae aux-appear-watch-animation aux-rotate-in-down-right-1 elementor-widget elementor-widget-aux_simple_svg\" data-move-in=\"\" data-move-out=\"moveVertical\" data-axis-x=\"10\" data-axis-y=\"5\" data-rotate=\"20\" data-scale=\"1\" data-vp-top=\"0.5\" data-vp-bot=\"0.5\" data-el-top=\"0.2\" data-scroll-animation-off=\"1024\" data-id=\"14b79aae\" data-element_type=\"widget\" data-widget_type=\"aux_simple_svg.default\">\n\t\t\t\t<div class=\"elementor-widget-container\">\n\t\t\t\t\t    <div class=\"aux-widget-container aux-simple-svg-container\">\n        <div class=\"aux-widget-container-inner\">\n            <div class=\"aux-the-svg\"><svg width=\"57\" height=\"56\" viewbox=\"0 0 57 56\" fill=\"none\" xmlns=\"http:\/\/www.w3.org\/2000\/svg\">\n<path opacity=\"0.3\" d=\"M28.5065 0.0661011C13.0606 0.0661011 0.539551 12.5871 0.539551 28.033C0.539551 43.4789 13.0606 55.9999 28.5065 55.9999C43.9524 55.9999 56.4734 43.4789 56.4734 28.033C56.4843 12.5981 43.9524 0.0661011 28.5065 0.0661011ZM28.5065 43.6542C19.8853 43.6542 12.8963 36.6652 12.8963 28.044C12.8963 19.4227 19.8853 12.4338 28.5065 12.4338C37.1277 12.4338 44.1167 19.4227 44.1167 28.044C44.1167 36.6652 37.1277 43.6542 28.5065 43.6542Z\" fill=\"url(#paint0_linear_0_352)\" \/>\n<defs>\n<lineargradient id=\"paint0_linear_0_352\" x1=\"0.535059\" y1=\"28.0432\" x2=\"56.4795\" y2=\"28.0432\" gradientunits=\"userSpaceOnUse\">\n<stop offset=\"0.00400959\" stop-color=\"var(--e-global-color-accent)\" \/>\n<stop offset=\"0.3315\" stop-color=\"var( --e-global-color-67afc74 )\" \/>\n<stop offset=\"0.6529\" stop-color=\"var(--e-global-color-secondary)\" \/>\n<stop offset=\"0.8831\" stop-color=\"var(--e-global-color-secondary)\" \/>\n<stop offset=\"1\" stop-color=\"var(--e-global-color-secondary)\" \/>\n<\/lineargradient>\n<\/defs>\n<\/svg>\n<\/div>\n        <\/div>\n    <\/div>\n    \t\t\t\t<\/div>\n\t\t\t\t<\/div>\n\t\t\t\t<div class=\"aux-scroll-anim elementor-element elementor-element-5f2de589 aux-appear-watch-animation aux-rotate-in-up-right-1 elementor-widget elementor-widget-aux_simple_svg\" data-move-in=\"\" data-move-out=\"moveHorizontal\" data-axis-x=\"-30\" data-axis-y=\"200\" data-rotate=\"20\" data-scale=\"1\" data-vp-top=\"0.5\" data-vp-bot=\"0.5\" data-el-top=\"0.2\" data-scroll-animation-off=\"1024\" data-id=\"5f2de589\" data-element_type=\"widget\" data-widget_type=\"aux_simple_svg.default\">\n\t\t\t\t<div class=\"elementor-widget-container\">\n\t\t\t\t\t    <div class=\"aux-widget-container aux-simple-svg-container\">\n        <div class=\"aux-widget-container-inner\">\n            <div class=\"aux-the-svg\"><svg width=\"42\" height=\"42\" viewbox=\"0 0 42 42\" fill=\"none\" xmlns=\"http:\/\/www.w3.org\/2000\/svg\">\n<path d=\"M20.9972 0.0261841C9.59356 0.0261841 0.358887 9.26086 0.358887 20.6536C0.358887 32.0463 9.59356 41.2919 20.9972 41.2919C32.4009 41.2919 41.6356 32.0572 41.6356 20.6536C41.6356 9.2499 32.3899 0.0261841 20.9972 0.0261841ZM20.9972 32.1668C14.6326 32.1668 9.48401 27.0072 9.48401 20.6536C9.48401 14.289 14.6436 9.14035 20.9972 9.14035C27.3618 9.14035 32.5104 14.2999 32.5104 20.6536C32.5104 27.0181 27.3508 32.1668 20.9972 32.1668Z\" fill=\"url(#paint0_linear_0_351)\" \/>\n<defs>\n<lineargradient id=\"paint0_linear_0_351\" x1=\"0.355572\" y1=\"20.6666\" x2=\"41.6401\" y2=\"20.6666\" gradientunits=\"userSpaceOnUse\">\n<stop offset=\"0.00400959\" stop-color=\"var(--e-global-color-accent)\" \/>\n<stop offset=\"0.3315\" stop-color=\"var( --e-global-color-67afc74 )\" \/>\n<stop offset=\"0.6529\" stop-color=\"var(--e-global-color-secondary)\" \/>\n<stop offset=\"0.8831\" stop-color=\"var(--e-global-color-secondary)\" \/>\n<stop offset=\"1\" stop-color=\"var(--e-global-color-secondary)\" \/>\n<\/lineargradient>\n<\/defs>\n<\/svg>\n<\/div>\n        <\/div>\n    <\/div>\n    \t\t\t\t<\/div>\n\t\t\t\t<\/div>\n\t\t\t\t<\/div>\n\t\t\t\t<div class=\"aux-scroll-anim elementor-element elementor-element-20205668 aux-appear-watch-animation aux-rotate-in-down-right-1 elementor-widget elementor-widget-aux_simple_svg\" data-move-in=\"\" data-move-out=\"moveHorizontal\" data-axis-x=\"20\" data-axis-y=\"200\" data-rotate=\"20\" data-scale=\"1\" data-vp-top=\"0.5\" data-vp-bot=\"0.5\" data-el-top=\"0.2\" data-scroll-animation-off=\"1024\" data-id=\"20205668\" data-element_type=\"widget\" data-widget_type=\"aux_simple_svg.default\">\n\t\t\t\t<div class=\"elementor-widget-container\">\n\t\t\t\t\t    <div class=\"aux-widget-container aux-simple-svg-container\">\n        <div class=\"aux-widget-container-inner\">\n            <div class=\"aux-the-svg\"><svg width=\"156\" height=\"156\" viewbox=\"0 0 156 156\" fill=\"none\" xmlns=\"http:\/\/www.w3.org\/2000\/svg\">\n<path d=\"M77.9524 6.10352e-05C34.9011 6.10352e-05 0 34.9012 0 77.9525C0 121.004 34.9011 155.905 77.9524 155.905C121.004 155.905 155.905 121.004 155.905 77.9525C155.905 34.9012 121.004 6.10352e-05 77.9524 6.10352e-05ZM77.9524 121.453C53.9292 121.453 34.452 101.976 34.452 77.9525C34.452 53.9292 53.9292 34.4521 77.9524 34.4521C101.976 34.4521 121.453 53.9292 121.453 77.9525C121.453 101.976 101.976 121.453 77.9524 121.453Z\" fill=\"url(#paint0_linear_2154_2)\" \/>\n<defs>\n<lineargradient id=\"paint0_linear_2154_2\" x1=\"-0.0125188\" y1=\"77.9809\" x2=\"155.922\" y2=\"77.9809\" gradientunits=\"userSpaceOnUse\">\n<stop offset=\"0.00400959\" stop-color=\"#FF0169\" \/>\n<stop offset=\"0.3315\" stop-color=\"var(--e-global-color-67afc74)\" \/>\n<stop offset=\"0.6529\" stop-color=\"var(--e-global-color-secondary)\" \/>\n<stop offset=\"0.8831\" stop-color=\"var(--e-global-color-secondary)\" \/>\n<stop offset=\"1\" stop-color=\"var(--e-global-color-secondary\" \/>\n<\/lineargradient>\n<\/defs>\n<\/svg>\n<\/div>\n        <\/div>\n    <\/div>\n    \t\t\t\t<\/div>\n\t\t\t\t<\/div>\n\t\t\t\t\t<\/div>\n\t\t\t\t<\/div>\n\t\t<div class=\"aux-parallax-section elementor-element elementor-element-3c19862 e-flex e-con-boxed e-con e-parent\" data-id=\"3c19862\" data-element_type=\"container\" data-settings=\"{&quot;background_background&quot;:&quot;classic&quot;}\">\n\t\t\t\t\t<div class=\"e-con-inner\">\n\t\t\t\t<div class=\"elementor-element elementor-element-48cfd51 elementor-widget__width-initial elementor-widget-tablet__width-initial elementor-widget-mobile__width-inherit aux-appear-watch-animation aux-fade-in-left-1 elementor-widget elementor-widget-image-box\" data-id=\"48cfd51\" data-element_type=\"widget\" data-widget_type=\"image-box.default\">\n\t\t\t\t<div class=\"elementor-widget-container\">\n\t\t\t\t\t<div class=\"elementor-image-box-wrapper\"><div class=\"elementor-image-box-content\"><p class=\"elementor-image-box-description\">Que faisons-nous ?<\/p><\/div><\/div>\t\t\t\t<\/div>\n\t\t\t\t<\/div>\n\t\t\t\t<div class=\"elementor-element elementor-element-1ee282d elementor-widget__width-initial elementor-widget-tablet__width-initial elementor-widget-mobile__width-inherit aux-appear-watch-animation aux-fade-in-left-1 elementor-widget elementor-widget-image-box\" data-id=\"1ee282d\" data-element_type=\"widget\" data-widget_type=\"image-box.default\">\n\t\t\t\t<div class=\"elementor-widget-container\">\n\t\t\t\t\t<div class=\"elementor-image-box-wrapper\"><div class=\"elementor-image-box-content\"><p class=\"elementor-image-box-description\">RSS PRINT transforme la production de pi\u00e8ces de rechange en un actif strat\u00e9gique souverain.<\/p><\/div><\/div>\t\t\t\t<\/div>\n\t\t\t\t<\/div>\n\t\t<div class=\"elementor-element elementor-element-5a6ff81 e-con-full e-flex e-con e-child\" data-id=\"5a6ff81\" data-element_type=\"container\">\n\t\t\t\t<div class=\"elementor-element elementor-element-b8986ff elementor-widget__width-initial elementor-widget-mobile__width-inherit aux-appear-watch-animation aux-fade-in-up elementor-view-default elementor-position-top elementor-mobile-position-top elementor-widget elementor-widget-icon-box\" data-id=\"b8986ff\" data-element_type=\"widget\" data-widget_type=\"icon-box.default\">\n\t\t\t\t<div class=\"elementor-widget-container\">\n\t\t\t\t\t\t\t<div class=\"elementor-icon-box-wrapper\">\n\n\t\t\t\t\t\t<div class=\"elementor-icon-box-icon\">\n\t\t\t\t<span  class=\"elementor-icon\">\n\t\t\t\t<svg xmlns=\"http:\/\/www.w3.org\/2000\/svg\" xmlns:xlink=\"http:\/\/www.w3.org\/1999\/xlink\" width=\"65px\" height=\"65px\" viewbox=\"0 0 24 24\" fill=\"#BEAB78\" stroke=\"#BEAB78\"><g id=\"SVGRepo_bgCarrier\" stroke-width=\"0\"><\/g><g id=\"SVGRepo_tracerCarrier\" stroke-linecap=\"round\" stroke-linejoin=\"round\"><\/g><g id=\"SVGRepo_iconCarrier\"><title><\/title><g fill=\"none\" fill-rule=\"evenodd\" id=\"&#x9875;&#x9762;-1\" stroke=\"none\" stroke-width=\"1\"><g id=\"&#x5BFC;&#x822A;&#x56FE;&#x6807;\" transform=\"translate(-252.000000, -272.000000)\"><g id=\"&#x7F16;&#x7EC4;\" transform=\"translate(252.000000, 272.000000)\"><rect fill=\"#BEAB78\" fill-opacity=\"0.01\" fill-rule=\"nonzero\" height=\"24\" id=\"&#x77E9;&#x5F62;\" width=\"24\" x=\"0\" y=\"0\"><\/rect><path d=\"M4.92893,16.3787 C3.11929,16.9216 2,17.6716 2,18.5 C2,20.15685 6.47715,21.5 12,21.5 L12,21.5 C17.52285,21.5 22,20.15685 22,18.5 C22,17.6716 20.8807,16.9216 19.07105,16.3787\" id=\"&#x8DEF;&#x5F84;\" stroke=\"#BEAB78\" stroke-linecap=\"round\" stroke-linejoin=\"round\" stroke-width=\"1.5\"><\/path><path d=\"M12,17.5 C12,17.5 18.5,13.252 18.5,8.3409 C18.5,4.83892 15.58985,2 12,2 C8.41015,2 5.5,4.83892 5.5,8.3409 C5.5,13.252 12,17.5 12,17.5 Z\" id=\"&#x8DEF;&#x5F84;\" stroke=\"#BEAB78\" stroke-linejoin=\"round\" stroke-width=\"1.5\"><\/path><path d=\"M12,11 C13.3807,11 14.5,9.8807 14.5,8.5 C14.5,7.1193 13.3807,6 12,6 C10.6193,6 9.5,7.1193 9.5,8.5 C9.5,9.8807 10.6193,11 12,11 Z\" id=\"&#x8DEF;&#x5F84;\" stroke=\"#BEAB78\" stroke-linejoin=\"round\" stroke-width=\"1.5\"><\/path><\/g><\/g><\/g><\/g><\/svg>\t\t\t\t<\/span>\n\t\t\t<\/div>\n\t\t\t\n\t\t\t\t\t\t<div class=\"elementor-icon-box-content\">\n\n\t\t\t\t\t\t\t\t\t<h3 class=\"elementor-icon-box-title\">\n\t\t\t\t\t\t<span  >\n\t\t\t\t\t\t\tProduction sur site\t\t\t\t\t\t<\/span>\n\t\t\t\t\t<\/h3>\n\t\t\t\t\n\t\t\t\t\t\t\t\t\t<p class=\"elementor-icon-box-description\">\n\t\t\t\t\t\tUn syst\u00e8me enti\u00e8rement int\u00e9gr\u00e9 qui permet de produire, au bon endroit et au bon moment, sans d\u00e9pendre de cha\u00eenes d\u2019approvisionnement externes.\t\t\t\t\t<\/p>\n\t\t\t\t\n\t\t\t<\/div>\n\t\t\t\n\t\t<\/div>\n\t\t\t\t\t\t<\/div>\n\t\t\t\t<\/div>\n\t\t\t\t<div class=\"elementor-element elementor-element-3f7775b elementor-widget__width-initial elementor-widget-mobile__width-inherit aux-appear-watch-animation aux-fade-in-up elementor-view-default elementor-position-top elementor-mobile-position-top elementor-widget elementor-widget-icon-box\" data-id=\"3f7775b\" data-element_type=\"widget\" data-widget_type=\"icon-box.default\">\n\t\t\t\t<div class=\"elementor-widget-container\">\n\t\t\t\t\t\t\t<div class=\"elementor-icon-box-wrapper\">\n\n\t\t\t\t\t\t<div class=\"elementor-icon-box-icon\">\n\t\t\t\t<span  class=\"elementor-icon\">\n\t\t\t\t<svg xmlns=\"http:\/\/www.w3.org\/2000\/svg\" width=\"65px\" height=\"65px\" viewbox=\"0 0 24 24\" fill=\"none\" stroke=\"#BEAB78\"><g id=\"SVGRepo_bgCarrier\" stroke-width=\"0\"><\/g><g id=\"SVGRepo_tracerCarrier\" stroke-linecap=\"round\" stroke-linejoin=\"round\"><\/g><g id=\"SVGRepo_iconCarrier\"><circle cx=\"12\" cy=\"16\" r=\"2\" stroke=\"#BEAB78\" stroke-width=\"1.5\"><\/circle><path d=\"M11 22H8C5.17157 22 3.75736 22 2.87868 21.1213C2 20.2426 2 18.8284 2 16C2 13.1716 2 11.7574 2.87868 10.8787C3.75736 10 5.17157 10 8 10H16C18.8284 10 20.2426 10 21.1213 10.8787C22 11.7574 22 13.1716 22 16C22 18.8284 22 20.2426 21.1213 21.1213C20.2426 22 18.8284 22 16 22H15\" stroke=\"#BEAB78\" stroke-width=\"1.5\" stroke-linecap=\"round\"><\/path><path d=\"M6 10V8C6 7.65929 6.0284 7.32521 6.08296 7M17.811 6.5C17.1449 3.91216 14.7958 2 12 2C10.223 2 8.62643 2.7725 7.52779 4\" stroke=\"#BEAB78\" stroke-width=\"1.5\" stroke-linecap=\"round\"><\/path><\/g><\/svg>\t\t\t\t<\/span>\n\t\t\t<\/div>\n\t\t\t\n\t\t\t\t\t\t<div class=\"elementor-icon-box-content\">\n\n\t\t\t\t\t\t\t\t\t<h3 class=\"elementor-icon-box-title\">\n\t\t\t\t\t\t<span  >\n\t\t\t\t\t\t\tFlux s\u00e9curis\u00e9s\t\t\t\t\t\t<\/span>\n\t\t\t\t\t<\/h3>\n\t\t\t\t\n\t\t\t\t\t\t\t\t\t<p class=\"elementor-icon-box-description\">\n\t\t\t\t\t\tLa s\u00e9curit\u00e9 structure l\u2019ensemble du processus : acc\u00e8s ma\u00eetris\u00e9s, donn\u00e9es prot\u00e9g\u00e9es, tra\u00e7abilit\u00e9 int\u00e9gr\u00e9e de bout en bout.\t\t\t\t\t<\/p>\n\t\t\t\t\n\t\t\t<\/div>\n\t\t\t\n\t\t<\/div>\n\t\t\t\t\t\t<\/div>\n\t\t\t\t<\/div>\n\t\t\t\t<div class=\"elementor-element elementor-element-5ffe7db elementor-widget__width-initial elementor-widget-mobile__width-inherit aux-appear-watch-animation aux-fade-in-up elementor-view-default elementor-position-top elementor-mobile-position-top elementor-widget elementor-widget-icon-box\" data-id=\"5ffe7db\" data-element_type=\"widget\" data-widget_type=\"icon-box.default\">\n\t\t\t\t<div class=\"elementor-widget-container\">\n\t\t\t\t\t\t\t<div class=\"elementor-icon-box-wrapper\">\n\n\t\t\t\t\t\t<div class=\"elementor-icon-box-icon\">\n\t\t\t\t<span  class=\"elementor-icon\">\n\t\t\t\t<svg xmlns=\"http:\/\/www.w3.org\/2000\/svg\" xmlns:xlink=\"http:\/\/www.w3.org\/1999\/xlink\" width=\"64px\" height=\"64px\" viewbox=\"0 0 64 64\" aria-hidden=\"true\" role=\"img\" class=\"iconify iconify--emojione-monotone\" preserveaspectratio=\"xMidYMid meet\" fill=\"#beab78\"><g id=\"SVGRepo_bgCarrier\" stroke-width=\"0\"><\/g><g id=\"SVGRepo_tracerCarrier\" stroke-linecap=\"round\" stroke-linejoin=\"round\"><\/g><g id=\"SVGRepo_iconCarrier\"><path d=\"M33.703 30.087h-3.404l-1.051 3.155L32 35.193l2.754-1.951z\" fill=\"#beab78\"><\/path><path d=\"M24.798 30.087l2.635 1.869l.622-1.869z\" fill=\"#beab78\"><\/path><path d=\"M27.548 38.352l2.64-1.872l-1.633-1.156z\" fill=\"#beab78\"><\/path><path d=\"M32 24.97l-1.008 3.034h2.018z\" fill=\"#beab78\"><\/path><path d=\"M35.945 30.087l.622 1.869l2.637-1.869z\" fill=\"#beab78\"><\/path><path d=\"M33.814 36.48l2.64 1.872l-1.009-3.028z\" fill=\"#beab78\"><\/path><path d=\"M32 2C15.432 2 2 15.432 2 32s13.432 30 30 30s30-13.432 30-30S48.568 2 32 2zm8.51 41.8L32 37.766L23.492 43.8l3.249-9.765l-8.508-6.031h10.515L32 18.233l3.254 9.771h10.513l-8.506 6.031L40.51 43.8z\" fill=\"#beab78\"><\/path><\/g><\/svg>\t\t\t\t<\/span>\n\t\t\t<\/div>\n\t\t\t\n\t\t\t\t\t\t<div class=\"elementor-icon-box-content\">\n\n\t\t\t\t\t\t\t\t\t<h3 class=\"elementor-icon-box-title\">\n\t\t\t\t\t\t<span  >\n\t\t\t\t\t\t\tCon\u00e7u et fabriqu\u00e9 au Maroc\t\t\t\t\t\t<\/span>\n\t\t\t\t\t<\/h3>\n\t\t\t\t\n\t\t\t\t\t\t\t\t\t<p class=\"elementor-icon-box-description\">\n\t\t\t\t\t\tUne solution compl\u00e8te, d\u00e9velopp\u00e9e et produite localement, au service de standards de performance internationaux.\t\t\t\t\t<\/p>\n\t\t\t\t\n\t\t\t<\/div>\n\t\t\t\n\t\t<\/div>\n\t\t\t\t\t\t<\/div>\n\t\t\t\t<\/div>\n\t\t\t\t<\/div>\n\t\t<div class=\"elementor-element elementor-element-1d3156f e-con-full e-flex e-con e-child\" data-id=\"1d3156f\" data-element_type=\"container\">\n\t\t\t\t<div class=\"elementor-element elementor-element-d9bb942 elementor-widget__width-initial elementor-widget-tablet__width-initial elementor-widget-mobile__width-inherit aux-appear-watch-animation aux-fade-in-left-1 elementor-widget elementor-widget-image-box\" data-id=\"d9bb942\" data-element_type=\"widget\" data-widget_type=\"image-box.default\">\n\t\t\t\t<div class=\"elementor-widget-container\">\n\t\t\t\t\t<div class=\"elementor-image-box-wrapper\"><div class=\"elementor-image-box-content\"><p class=\"elementor-image-box-description\">RSS PRINT apporte aux entreprises vitesse, autonomie et nouvelles capacit\u00e9s op\u00e9rationnelles.\n\n<\/p><\/div><\/div>\t\t\t\t<\/div>\n\t\t\t\t<\/div>\n\t\t\t\t<\/div>\n\t\t\t\t\t<\/div>\n\t\t\t\t<\/div>\n\t\t<div class=\"aux-parallax-section elementor-element elementor-element-7aeb861 e-flex e-con-boxed e-con e-parent\" data-id=\"7aeb861\" data-element_type=\"container\">\n\t\t\t\t\t<div class=\"e-con-inner\">\n\t\t\t\t<div class=\"elementor-element elementor-element-90b089e elementor-widget__width-initial elementor-widget-tablet__width-initial elementor-widget-mobile__width-inherit aux-appear-watch-animation aux-fade-in-left-1 elementor-widget elementor-widget-image-box\" data-id=\"90b089e\" data-element_type=\"widget\" data-widget_type=\"image-box.default\">\n\t\t\t\t<div class=\"elementor-widget-container\">\n\t\t\t\t\t<div class=\"elementor-image-box-wrapper\"><div class=\"elementor-image-box-content\"><p class=\"elementor-image-box-description\">Notre impact et nos valeurs<\/p><\/div><\/div>\t\t\t\t<\/div>\n\t\t\t\t<\/div>\n\t\t\t\t\t<\/div>\n\t\t\t\t<\/div>\n\t\t<div class=\"aux-parallax-section elementor-element elementor-element-600b1ce e-flex e-con-boxed e-con e-parent\" data-id=\"600b1ce\" data-element_type=\"container\">\n\t\t\t\t\t<div class=\"e-con-inner\">\n\t\t\t\t<div class=\"elementor-element elementor-element-a1cf9b9 elementor-widget__width-initial elementor-widget elementor-widget-aux_tabs\" data-id=\"a1cf9b9\" data-element_type=\"widget\" data-widget_type=\"aux_tabs.default\">\n\t\t\t\t<div class=\"elementor-widget-container\">\n\t\t\t\t\t<section class=\"widget-container aux-widget-tabs aux-parent-au1fb0029a\"><div class=\"widget-tabs widget-container aux-stripe\"><div class=\"widget-inner aux-horizontal\"> <ul class=\"tabs\"><li><a id=\"aux-tab-1691\" href=\"#\" role=\"tab\" aria-controls=\"aux-tab-content-1691\">Souverainet\u00e9 productive<\/a><\/li><li><a id=\"aux-tab-1692\" href=\"#\" role=\"tab\" aria-controls=\"aux-tab-content-1692\">Con\u00e7u et fabriqu\u00e9 au Maroc<\/a><\/li><li><a id=\"aux-tab-1693\" href=\"#\" role=\"tab\" aria-controls=\"aux-tab-content-1693\">Efficience durable<\/a><\/li><li><a id=\"aux-tab-1694\" href=\"#\" role=\"tab\" aria-controls=\"aux-tab-content-1694\">Innovation responsable<\/a><\/li><\/ul><ul class=\"tabs-content\"><li><div id=\"aux-tab-content-1691\" class=\"entry-editor\" role=\"tabpanel\" aria-labelledby=\"aux-tab-1691\"><p><p>Production autonome et ind\u00e9pendante<\/p><\/p><\/div><\/li><li><div id=\"aux-tab-content-1692\" class=\"entry-editor\" role=\"tabpanel\" aria-labelledby=\"aux-tab-1692\"><p><p>D\u00e9velopp\u00e9 et produit localement.<\/p><\/p><\/div><\/li><li><div id=\"aux-tab-content-1693\" class=\"entry-editor\" role=\"tabpanel\" aria-labelledby=\"aux-tab-1693\"><p><p>Int\u00e9grer la gestion des ressources et l\u2019impact \u00e9cologique dans une strat\u00e9gie globale de p\u00e9rennit\u00e9<\/p><\/p><\/div><\/li><li><div id=\"aux-tab-content-1694\" class=\"entry-editor\" role=\"tabpanel\" aria-labelledby=\"aux-tab-1694\"><p><p>Anticiper les impacts, favoriser l\u2019inclusion et assurer la transparence<\/p><\/p><\/div><\/li><\/ul><\/div><\/div><\/section><!-- widget-container -->\t\t\t\t<\/div>\n\t\t\t\t<\/div>\n\t\t\t\t\t<\/div>\n\t\t\t\t<\/div>\n\t\t\t\t<\/div>","protected":false},"excerpt":{"rendered":"<p>Ability to adjust supply chains in response to logistical disruptions. Contact US Who we are RSS PRINT aims to redefine how Nations and industries access the parts they depend on. We build secure, software-driven production units that enable local, instant, and independent production, giving every territory the capacity to manufacture what matters. 100% rooted in [&hellip;]<\/p>\n","protected":false},"author":1,"featured_media":0,"parent":0,"menu_order":0,"comment_status":"closed","ping_status":"closed","template":"templates\/page-builder-content.php","meta":{"footnotes":""},"class_list":["post-417","page","type-page","status-publish","hentry"],"_links":{"self":[{"href":"https:\/\/rssprint.com\/fr\/wp-json\/wp\/v2\/pages\/417","targetHints":{"allow":["GET"]}}],"collection":[{"href":"https:\/\/rssprint.com\/fr\/wp-json\/wp\/v2\/pages"}],"about":[{"href":"https:\/\/rssprint.com\/fr\/wp-json\/wp\/v2\/types\/page"}],"author":[{"embeddable":true,"href":"https:\/\/rssprint.com\/fr\/wp-json\/wp\/v2\/users\/1"}],"replies":[{"embeddable":true,"href":"https:\/\/rssprint.com\/fr\/wp-json\/wp\/v2\/comments?post=417"}],"version-history":[{"count":198,"href":"https:\/\/rssprint.com\/fr\/wp-json\/wp\/v2\/pages\/417\/revisions"}],"predecessor-version":[{"id":1966,"href":"https:\/\/rssprint.com\/fr\/wp-json\/wp\/v2\/pages\/417\/revisions\/1966"}],"wp:attachment":[{"href":"https:\/\/rssprint.com\/fr\/wp-json\/wp\/v2\/media?parent=417"}],"curies":[{"name":"wp","href":"https:\/\/api.w.org\/{rel}","templated":true}]}}