{"id":1755,"date":"2026-01-25T17:41:27","date_gmt":"2026-01-25T17:41:27","guid":{"rendered":"https:\/\/rssprint.com\/?page_id=1755"},"modified":"2026-03-23T10:27:06","modified_gmt":"2026-03-23T10:27:06","slug":"terms-of-use","status":"publish","type":"page","link":"https:\/\/rssprint.com\/fr\/terms-of-use\/","title":{"rendered":"Conditions d\u2019utilisation"},"content":{"rendered":"<div data-elementor-type=\"wp-page\" data-elementor-id=\"1755\" class=\"elementor elementor-1755\">\n\t\t\t\t<div class=\"aux-parallax-section elementor-element elementor-element-bfeed15 e-con-full e-flex e-con e-parent\" data-id=\"bfeed15\" data-element_type=\"container\">\n\t\t<div class=\"elementor-element elementor-element-8ebfdb0 e-flex e-con-boxed e-con e-child\" data-id=\"8ebfdb0\" data-element_type=\"container\" data-settings=\"{&quot;background_background&quot;:&quot;classic&quot;}\">\n\t\t\t\t\t<div class=\"e-con-inner\">\n\t\t\t\t<div class=\"elementor-element elementor-element-050cd46 elementor-widget__width-initial elementor-widget-tablet__width-initial elementor-widget-mobile__width-inherit aux-appear-watch-animation aux-fade-in-left-1 elementor-widget elementor-widget-image-box\" data-id=\"050cd46\" data-element_type=\"widget\" data-widget_type=\"image-box.default\">\n\t\t\t\t<div class=\"elementor-widget-container\">\n\t\t\t\t\t<div class=\"elementor-image-box-wrapper\"><div class=\"elementor-image-box-content\"><p class=\"elementor-image-box-description\">Conditions d\u2019utilisation<\/p><\/div><\/div>\t\t\t\t<\/div>\n\t\t\t\t<\/div>\n\t\t\t\t<div class=\"elementor-element elementor-element-f60ed8f elementor-widget__width-initial elementor-widget-tablet__width-initial elementor-widget-mobile__width-inherit aux-appear-watch-animation aux-fade-in-left-1 elementor-widget elementor-widget-image-box\" data-id=\"f60ed8f\" data-element_type=\"widget\" data-widget_type=\"image-box.default\">\n\t\t\t\t<div class=\"elementor-widget-container\">\n\t\t\t\t\t<div class=\"elementor-image-box-wrapper\"><div class=\"elementor-image-box-content\"><p class=\"elementor-image-box-description\">En acc\u00e9dant au site ou en l\u2019utilisant, l\u2019utilisateur reconna\u00eet avoir pris connaissance des pr\u00e9sentes conditions d\u2019utilisation, les avoir comprises et accept\u00e9es sans r\u00e9serve.<\/p><\/div><\/div>\t\t\t\t<\/div>\n\t\t\t\t<\/div>\n\t\t<div class=\"elementor-element elementor-element-78f1711 e-con-full e-grid e-con e-child\" data-id=\"78f1711\" data-element_type=\"container\">\n\t\t\t\t<div class=\"elementor-element elementor-element-4ebff58 aux-appear-watch-animation aux-fade-in-left elementor-widget elementor-widget-aux_modern_button\" data-id=\"4ebff58\" data-element_type=\"widget\" data-widget_type=\"aux_modern_button.default\">\n\t\t\t\t<div class=\"elementor-widget-container\">\n\t\t\t\t\t    <div class=\"aux-modern-button-wrapper aux-modern-button-align-left\" >\n                    <a class=\"aux-modern-button aux-black aux-modern-button-md aux-modern-button-normal aux-modern-button-default aux-icon-\" href=\"#contact-form\">\n                <div class=\"aux-overlay\"><\/div>\n                                    <div class=\"aux-icon\">\n                                            <\/div>\n                                <div class=\"aux-text\">\n<span class=\"aux-text-before\">NOUS CONTACTER<\/span>                <\/div>\n            <\/a>\n            \n    <\/div>\n\n    \t\t\t\t<\/div>\n\t\t\t\t<\/div>\n\t\t\t\t<div class=\"aux-scroll-anim elementor-element elementor-element-55e316c aux-appear-watch-animation aux-rotate-in-down-right-1 elementor-widget elementor-widget-aux_simple_svg\" data-move-in=\"\" data-move-out=\"rotateIn\" data-axis-x=\"200\" data-axis-y=\"200\" data-rotate=\"-20\" data-scale=\"1\" data-vp-top=\"0.5\" data-vp-bot=\"0.5\" data-el-top=\"0.2\" data-scroll-animation-off=\"1024\" data-id=\"55e316c\" data-element_type=\"widget\" data-widget_type=\"aux_simple_svg.default\">\n\t\t\t\t<div class=\"elementor-widget-container\">\n\t\t\t\t\t    <div class=\"aux-widget-container aux-simple-svg-container\">\n        <div class=\"aux-widget-container-inner\">\n            <div class=\"aux-the-svg\"><img decoding=\"async\" src=\"https:\/\/rssprint.com\/wp-content\/uploads\/2026\/01\/mim.png\" title=\"mim.png\" alt=\"mim.png\" loading=\"lazy\" \/><\/div>\n        <\/div>\n    <\/div>\n    \t\t\t\t<\/div>\n\t\t\t\t<\/div>\n\t\t\t\t<\/div>\n\t\t\t\t\t<\/div>\n\t\t\t\t<\/div>\n\t\t\t\t<\/div>\n\t\t<div class=\"aux-parallax-section elementor-element elementor-element-4a3b516 e-flex e-con-boxed e-con e-parent\" data-id=\"4a3b516\" data-element_type=\"container\">\n\t\t\t\t\t<div class=\"e-con-inner\">\n\t\t\t\t<div class=\"elementor-element elementor-element-924ccac elementor-widget elementor-widget-text-editor\" data-id=\"924ccac\" data-element_type=\"widget\" data-widget_type=\"text-editor.default\">\n\t\t\t\t<div class=\"elementor-widget-container\">\n\t\t\t\t\t\t\t\t\t<style>\nh1, h2, h3 {\nfont-family : Roboto, sans-serif !important;\n}\n<\/style>\n<h1><b>Conditions d\u2019utilisation \u2013 RSS PRINT<\/b><\/h1>\n<h2 class=\"s8\"><span class=\"s6\">1.\u2060 \u2060Objet<\/span><\/h2>\n<p class=\"s8 translation-block\">Les pr\u00e9sentes conditions d\u00e9finissent les modalit\u00e9s d\u2019acc\u00e8s et d\u2019utilisation du site www.rssprint.com.\n\nL\u2019utilisation du site implique l\u2019acceptation pleine et enti\u00e8re des pr\u00e9sentes conditions, sans restriction ni r\u00e9serve.<\/p>\n\n<h2 class=\"s8\"><span class=\"s6\">2.\u2060 \u2060Acc\u00e8s au site<\/span><\/h2>\n<p class=\"s8 translation-block\">Le site www.rssprint.com\n est accessible gratuitement.\nL\u2019utilisateur reconna\u00eet disposer des moyens techniques n\u00e9cessaires pour acc\u00e9der au site et l\u2019utiliser.<\/p>\n\n<div class=\"s8\"><\/div>\n<p class=\"s7\">RSS PRINT se r\u00e9serve le droit d\u2019interrompre, de suspendre ou de modifier l\u2019acc\u00e8s au site, de mani\u00e8re temporaire ou permanente, notamment pour des raisons techniques, de maintenance ou en cas de force majeure, sans que cela n\u2019ouvre droit \u00e0 indemnisation.<\/p>\n\n<h2 class=\"s7\"><span class=\"s6\">3.\u2060 \u2060Fonctionnement et \u00e9volution<\/span><\/h2>\n<p class=\"s7\">RSS PRINT assure le fonctionnement du site dans la limite de ses capacit\u00e9s techniques et organisationnelles.\nLe contenu, les fonctionnalit\u00e9s et la pr\u00e9sentation du site peuvent \u00eatre modifi\u00e9s, compl\u00e9t\u00e9s ou supprim\u00e9s \u00e0 tout moment, sans pr\u00e9avis.<\/p>\n\n<h2 class=\"s7\"><span class=\"s6\">4.\u2060 \u2060Informations<\/span><\/h2>\n<p class=\"s7\">Les informations disponibles sur le site sont fournies \u00e0 titre indicatif.\n\nRSS PRINT ne garantit ni leur exactitude, ni leur exhaustivit\u00e9, ni leur pertinence.<\/p>\n\n<h2 class=\"s7\"><span class=\"s6\">5.\u2060 \u2060Responsabilit\u00e9<\/span><\/h2>\n<p class=\"s7\">RSS PRINT ne saurait \u00eatre tenu responsable en cas de :<\/p>\n<p class=\"s7\"><span class=\"s11\">\u2022 <\/span>Difficult\u00e9s d\u2019acc\u00e8s au site ou dysfonctionnements techniques,<\/p>\n<p class=\"s7\"><span class=\"s11\">\u2022 <\/span>Dommages r\u00e9sultant de l\u2019utilisation ou de l\u2019impossibilit\u00e9 d\u2019utiliser le site,<\/p>\n<p class=\"s7 translation-block\"><span class=\"s11\">\u2022 P<\/span>erte de donn\u00e9es, virus ou intrusion malveillante,<\/p>\n<p class=\"s7\"><span class=\"s11\">\u2022 <\/span>\u00c9v\u00e9nements impr\u00e9visibles ou ind\u00e9pendants de sa volont\u00e9.<\/p>\n<p class=\"s7\">En aucun cas, RSS PRINT ne pourra \u00eatre tenu responsable de dommages indirects.<\/p>\n\n<h2 class=\"s7\"><span class=\"s6\">6.\u2060 \u2060Liens externes<\/span><\/h2>\n<p class=\"s7 translation-block\">Le site www.rssprint.com\n peut contenir des liens vers des sites tiers.\n\nRSS PRINT n\u2019exerce aucun contr\u00f4le sur ces sites et d\u00e9cline toute responsabilit\u00e9 quant \u00e0 leur contenu. Leur acc\u00e8s rel\u00e8ve de la seule responsabilit\u00e9 de l\u2019utilisateur.<\/p>\n\n<h2 class=\"s7\"><span class=\"s6\">7.\u2060 \u2060Communications de l\u2019utilisateur<\/span><\/h2>\nLes informations transmises par l\u2019utilisateur sont r\u00e9put\u00e9es exactes et conformes \u00e0 la r\u00e9glementation en vigueur.\n\nRSS PRINT se r\u00e9serve le droit de ne pas donner suite aux demandes manifestement abusives, r\u00e9p\u00e9titives ou infond\u00e9es.\n<h2 class=\"s7\">8.\u2060 \u2060Propri\u00e9t\u00e9 intellectuelle<\/h2>\n<p class=\"s7 translation-block\">Le site www.rssprint.com\n constitue une \u0153uvre prot\u00e9g\u00e9e.\n\nL\u2019ensemble de ses \u00e9l\u00e9ments (textes, visuels, graphismes, signes distinctifs, structure, etc.) ne peut \u00eatre utilis\u00e9 sans l\u2019autorisation \u00e9crite pr\u00e9alable de RSS PRINT.<\/p>\n<p class=\"s7\">Toute utilisation non autoris\u00e9e, notamment \u00e0 des fins professionnelles ou commerciales, est strictement interdite.\n\nL\u2019utilisateur s\u2019engage \u00e0 ne pas porter atteinte \u00e0 l\u2019int\u00e9grit\u00e9 du site ou de son contenu.<\/p>\n\n<h2 class=\"s7\"><span class=\"s6\">9.\u2060 \u2060Donn\u00e9es personnelles et cookies<\/span><\/h2>\n<p class=\"s7\">Les modalit\u00e9s de collecte et de traitement des donn\u00e9es personnelles, ainsi que l\u2019utilisation \u00e9ventuelle de cookies, sont d\u00e9crites dans la Politique de confidentialit\u00e9 accessible sur le site.<\/p>\n<p class=\"s7\">RSS PRINT met en \u0153uvre des mesures appropri\u00e9es pour assurer la s\u00e9curit\u00e9 des donn\u00e9es, sans garantir une protection absolue.<\/p>\n\n<h2 class=\"s7\"><span class=\"s6\">10.\u2060 \u2060Droit applicable<\/span><\/h2>\nLes pr\u00e9sentes conditions sont r\u00e9gies par le droit marocain.\nTout litige relatif \u00e0 leur interpr\u00e9tation ou \u00e0 leur ex\u00e9cution rel\u00e8ve de la comp\u00e9tence des juridictions marocaines.\n<div class=\"s8\"><\/div>\n<div class=\"s8\"><\/div>\n<div class=\"s8\"><\/div>\n<div class=\"s8\"><\/div>\n<!-- \/wp:paragraph -->\t\t\t\t\t\t\t\t<\/div>\n\t\t\t\t<\/div>\n\t\t\t\t\t<\/div>\n\t\t\t\t<\/div>\n\t\t\t\t<\/div>","protected":false},"excerpt":{"rendered":"<p>Terms of use By browsing or using the Website, the user acknowledges having read, understood, and accepted these Terms of Use without reservation. GET IN TOUCH Terms of use \u2013 RSS PRINT 1. Scope These Terms set out the rules governing access to and use of the website www.rssprint.com. Use of the website implies the [&hellip;]<\/p>\n","protected":false},"author":1,"featured_media":0,"parent":0,"menu_order":0,"comment_status":"closed","ping_status":"closed","template":"","meta":{"footnotes":""},"class_list":["post-1755","page","type-page","status-publish","hentry"],"_links":{"self":[{"href":"https:\/\/rssprint.com\/fr\/wp-json\/wp\/v2\/pages\/1755","targetHints":{"allow":["GET"]}}],"collection":[{"href":"https:\/\/rssprint.com\/fr\/wp-json\/wp\/v2\/pages"}],"about":[{"href":"https:\/\/rssprint.com\/fr\/wp-json\/wp\/v2\/types\/page"}],"author":[{"embeddable":true,"href":"https:\/\/rssprint.com\/fr\/wp-json\/wp\/v2\/users\/1"}],"replies":[{"embeddable":true,"href":"https:\/\/rssprint.com\/fr\/wp-json\/wp\/v2\/comments?post=1755"}],"version-history":[{"count":28,"href":"https:\/\/rssprint.com\/fr\/wp-json\/wp\/v2\/pages\/1755\/revisions"}],"predecessor-version":[{"id":1935,"href":"https:\/\/rssprint.com\/fr\/wp-json\/wp\/v2\/pages\/1755\/revisions\/1935"}],"wp:attachment":[{"href":"https:\/\/rssprint.com\/fr\/wp-json\/wp\/v2\/media?parent=1755"}],"curies":[{"name":"wp","href":"https:\/\/api.w.org\/{rel}","templated":true}]}}